{"id":93,"date":"2015-12-14T14:12:17","date_gmt":"2015-12-14T14:12:17","guid":{"rendered":"http:\/\/127.0.0.1:8080\/wordpress\/?page_id=93"},"modified":"2016-09-06T08:40:04","modified_gmt":"2016-09-06T08:40:04","slug":"organization-contacts","status":"publish","type":"page","link":"http:\/\/issiaa2016.ipb.pt\/?page_id=93","title":{"rendered":"Organization &#038; Contacts"},"content":{"rendered":"<h3>Local Organizing Committee<\/h3>\n<p>The ISSIAA 2016 is host by the Division of Manufacturing Engineering from the Department of Management and Engineering of the Link\u00f6ping University. The local organizing committee is composed by:<\/p>\n<p>Luis Ribeiro (LiU)<\/p>\n<p>Mats Bj\u00f6rkman (LiU)<\/p>\n<p>Rickard Olsen (LiU)<\/p>\n<p>Patrik Linder (LiU)<\/p>\n<p>Harpal Singh (LiU)<\/p>\n<p>Jo\u00e3o Ferreira (KTH)<\/p>\n<h3>Steering Committee<\/h3>\n<p>The members of the steering Committee of ISSIAA are:<\/p>\n<p>Paulo Leit\u00e3o (Polytechnic Institute of Bragan\u00e7a, Portugal)<\/p>\n<p>Luis Ribeiro (Link\u00f6ping University, Sweden)<\/p>\n<p>Birgit Vogel-Heuser (Technical University of Munich, Germany)<\/p>\n<p>Jos\u00e9 Barata (UNINOVA Institute, Portugal)<\/p>\n<h3>Contacts<\/h3>\n<p>For information related to ISSIAA 2016 please use the following e-mail: issiaa2016@iei.liu.se<\/p>\n","protected":false},"excerpt":{"rendered":"<p>Local Organizing Committee The ISSIAA 2016 is host by the Division of Manufacturing Engineering from the Department of Management and Engineering of the Link\u00f6ping University. The local organizing committee is composed by: Luis Ribeiro (LiU) Mats Bj\u00f6rkman (LiU) Rickard Olsen (LiU) Patrik Linder (LiU) Harpal Singh (LiU) Jo\u00e3o Ferreira (KTH) Steering Committee The members of &hellip; <a href=\"http:\/\/issiaa2016.ipb.pt\/?page_id=93\" class=\"more-link\">Continue reading<span class=\"screen-reader-text\"> &#8220;Organization &#038; Contacts&#8221;<\/span><\/a><\/p>\n","protected":false},"author":1,"featured_media":0,"parent":0,"menu_order":0,"comment_status":"closed","ping_status":"closed","template":"","meta":{"footnotes":""},"class_list":["post-93","page","type-page","status-publish","hentry"],"_links":{"self":[{"href":"http:\/\/issiaa2016.ipb.pt\/index.php?rest_route=\/wp\/v2\/pages\/93","targetHints":{"allow":["GET"]}}],"collection":[{"href":"http:\/\/issiaa2016.ipb.pt\/index.php?rest_route=\/wp\/v2\/pages"}],"about":[{"href":"http:\/\/issiaa2016.ipb.pt\/index.php?rest_route=\/wp\/v2\/types\/page"}],"author":[{"embeddable":true,"href":"http:\/\/issiaa2016.ipb.pt\/index.php?rest_route=\/wp\/v2\/users\/1"}],"replies":[{"embeddable":true,"href":"http:\/\/issiaa2016.ipb.pt\/index.php?rest_route=%2Fwp%2Fv2%2Fcomments&post=93"}],"version-history":[{"count":5,"href":"http:\/\/issiaa2016.ipb.pt\/index.php?rest_route=\/wp\/v2\/pages\/93\/revisions"}],"predecessor-version":[{"id":183,"href":"http:\/\/issiaa2016.ipb.pt\/index.php?rest_route=\/wp\/v2\/pages\/93\/revisions\/183"}],"wp:attachment":[{"href":"http:\/\/issiaa2016.ipb.pt\/index.php?rest_route=%2Fwp%2Fv2%2Fmedia&parent=93"}],"curies":[{"name":"wp","href":"https:\/\/api.w.org\/{rel}","templated":true}]}}